{"id":2039,"date":"2025-08-27T12:49:50","date_gmt":"2025-08-27T12:49:50","guid":{"rendered":"https:\/\/digital-metrics.io\/?page_id=2039"},"modified":"2025-10-07T19:15:59","modified_gmt":"2025-10-07T19:15:59","slug":"contacto","status":"publish","type":"page","link":"https:\/\/digital-metrics.io\/es_es\/contacto\/","title":{"rendered":"Contacto"},"content":{"rendered":"\n<div class=\"wp-block-uagb-container uagb-block-7df7b7a9 alignfull uagb-is-root-container\"><div class=\"uagb-container-inner-blocks-wrap\">\n<div class=\"wp-block-uagb-info-box uagb-block-39099680 uagb-infobox__content-wrap  uagb-infobox-icon-above-title uagb-infobox-image-valign-top\"><div class=\"uagb-ifb-content\"><div class=\"uagb-ifb-title-wrap\"><h6 class=\"uagb-ifb-title-prefix\">Ponte en contacto<\/h6><h1 class=\"uagb-ifb-title\">Quieres conversar con nosotros?<\/h1><\/div><\/div><\/div>\n\n\n\n<div class=\"wp-block-uagb-container uagb-block-1af2d940\">\n<div class=\"wp-block-uagb-container uagb-block-26b698aa\">\n<div class=\"wp-block-uagb-info-box uagb-block-770e752d uagb-infobox__content-wrap  uagb-infobox-icon-above-title uagb-infobox-image-valign-top\"><div class=\"uagb-ifb-content\"><div class=\"uagb-ifb-icon-wrap\"><svg xmlns=\"https:\/\/www.w3.org\/2000\/svg\" viewBox=\"0 0 448 512\"><path d=\"M380.9 97.1C339 55.1 283.2 32 223.9 32c-122.4 0-222 99.6-222 222 0 39.1 10.2 77.3 29.6 111L0 480l117.7-30.9c32.4 17.7 68.9 27 106.1 27h.1c122.3 0 224.1-99.6 224.1-222 0-59.3-25.2-115-67.1-157zm-157 341.6c-33.2 0-65.7-8.9-94-25.7l-6.7-4-69.8 18.3L72 359.2l-4.4-7c-18.5-29.4-28.2-63.3-28.2-98.2 0-101.7 82.8-184.5 184.6-184.5 49.3 0 95.6 19.2 130.4 54.1 34.8 34.9 56.2 81.2 56.1 130.5 0 101.8-84.9 184.6-186.6 184.6zm101.2-138.2c-5.5-2.8-32.8-16.2-37.9-18-5.1-1.9-8.8-2.8-12.5 2.8-3.7 5.6-14.3 18-17.6 21.8-3.2 3.7-6.5 4.2-12 1.4-32.6-16.3-54-29.1-75.5-66-5.7-9.8 5.7-9.1 16.3-30.3 1.8-3.7 .9-6.9-.5-9.7-1.4-2.8-12.5-30.1-17.1-41.2-4.5-10.8-9.1-9.3-12.5-9.5-3.2-.2-6.9-.2-10.6-.2-3.7 0-9.7 1.4-14.8 6.9-5.1 5.6-19.4 19-19.4 46.3 0 27.3 19.9 53.7 22.6 57.4 2.8 3.7 39.1 59.7 94.8 83.8 35.2 15.2 49 16.5 66.6 13.9 10.7-1.6 32.8-13.4 37.4-26.4 4.6-13 4.6-24.1 3.2-26.4-1.3-2.5-5-3.9-10.5-6.6z\"><\/path><\/svg><\/div><div class=\"uagb-ifb-title-wrap\"><h4 class=\"uagb-ifb-title\">Cont\u00e1ctanos por Whatsapp<\/h4><\/div><p class=\"uagb-ifb-desc\">Ponte en contacto directo con nuestro equipo en vivo y en directo.<\/p><div class=\"uagb-ifb-button-wrapper wp-block-button\"><a href=\"https:\/\/api.whatsapp.com\/send?phone=+5491131681760&amp;text=Hola%20quiero%20conversar%20acerca%20de%20Digital%20Metrics...\" class=\"uagb-infobox-cta-link wp-block-button__link\" target=\"_self\" rel=\"noopener noreferrer\" onclick=\"return true;\"><span class=\"uagb-inline-editing\">Chatear ahora<\/span><svg xmlns=\"https:\/\/www.w3.org\/2000\/svg\" viewBox=\"0 0 512 512\"><path d=\"M504.3 273.6l-112.1 104c-6.992 6.484-17.18 8.218-25.94 4.406c-8.758-3.812-14.42-12.45-14.42-21.1L351.9 288H32C14.33 288 .0002 273.7 .0002 255.1S14.33 224 32 224h319.9l0-72c0-9.547 5.66-18.19 14.42-22c8.754-3.809 18.95-2.075 25.94 4.41l112.1 104C514.6 247.9 514.6 264.1 504.3 273.6z\"><\/path><\/svg><\/a><\/div><\/div><\/div>\n<\/div>\n\n\n\n<div class=\"wp-block-uagb-container uagb-block-17f92aa9\">\n<div class=\"wp-block-uagb-info-box uagb-block-2a2e000c uagb-infobox__content-wrap  uagb-infobox-icon-above-title uagb-infobox-image-valign-top\"><div class=\"uagb-ifb-content\"><div class=\"uagb-ifb-icon-wrap\"><svg xmlns=\"https:\/\/www.w3.org\/2000\/svg\" viewBox=\"0 0 320 512\"><path d=\"M204.3 32.01H96c-52.94 0-96 43.06-96 96c0 17.67 14.31 31.1 32 31.1s32-14.32 32-31.1c0-17.64 14.34-32 32-32h108.3C232.8 96.01 256 119.2 256 147.8c0 19.72-10.97 37.47-30.5 47.33L127.8 252.4C117.1 258.2 112 268.7 112 280v40c0 17.67 14.31 31.99 32 31.99s32-14.32 32-31.99V298.3L256 251.3c39.47-19.75 64-59.42 64-103.5C320 83.95 268.1 32.01 204.3 32.01zM144 400c-22.09 0-40 17.91-40 40s17.91 39.1 40 39.1s40-17.9 40-39.1S166.1 400 144 400z\"><\/path><\/svg><\/div><div class=\"uagb-ifb-title-wrap\"><h4 class=\"uagb-ifb-title\">Preguntas Frecuentes<\/h4><\/div><p class=\"uagb-ifb-desc\">Conoce lo m\u00e1s importante para conocer el plan ideal.<\/p><div class=\"uagb-ifb-button-wrapper wp-block-button\"><a href=\"#\" class=\"uagb-infobox-cta-link wp-block-button__link\" target=\"_self\" rel=\"noopener noreferrer\" onclick=\"return false;\"><span class=\"uagb-inline-editing\">Ver FAQs<\/span><svg xmlns=\"https:\/\/www.w3.org\/2000\/svg\" viewBox=\"0 0 512 512\"><path d=\"M504.3 273.6l-112.1 104c-6.992 6.484-17.18 8.218-25.94 4.406c-8.758-3.812-14.42-12.45-14.42-21.1L351.9 288H32C14.33 288 .0002 273.7 .0002 255.1S14.33 224 32 224h319.9l0-72c0-9.547 5.66-18.19 14.42-22c8.754-3.809 18.95-2.075 25.94 4.41l112.1 104C514.6 247.9 514.6 264.1 504.3 273.6z\"><\/path><\/svg><\/a><\/div><\/div><\/div>\n<\/div>\n\n\n\n<div class=\"wp-block-uagb-container uagb-block-1ebc193e\">\n<div class=\"wp-block-uagb-info-box uagb-block-cf8155c9 uagb-infobox__content-wrap  uagb-infobox-icon-above-title uagb-infobox-image-valign-top\"><div class=\"uagb-ifb-content\"><div class=\"uagb-ifb-icon-wrap\"><svg xmlns=\"https:\/\/www.w3.org\/2000\/svg\" viewBox=\"0 0 512 512\"><path d=\"M511.2 387l-23.25 100.8c-3.266 14.25-15.79 24.22-30.46 24.22C205.2 512 0 306.8 0 54.5c0-14.66 9.969-27.2 24.22-30.45l100.8-23.25C139.7-2.602 154.7 5.018 160.8 18.92l46.52 108.5c5.438 12.78 1.77 27.67-8.98 36.45L144.5 207.1c33.98 69.22 90.26 125.5 159.5 159.5l44.08-53.8c8.688-10.78 23.69-14.51 36.47-8.975l108.5 46.51C506.1 357.2 514.6 372.4 511.2 387z\"><\/path><\/svg><\/div><div class=\"uagb-ifb-title-wrap\"><h4 class=\"uagb-ifb-title\">Agenda una reuni\u00f3n en vivo<\/h4><\/div><p class=\"uagb-ifb-desc\">Si quieres agendar una DEMO en vivo haz click y agenda con nosotros.<\/p><div class=\"uagb-ifb-button-wrapper wp-block-button\"><a href=\"https:\/\/calendly.com\/digitalmetrics\/demo-digital-metrics\" class=\"uagb-infobox-cta-link wp-block-button__link\" target=\"_self\" rel=\"noopener noreferrer\" onclick=\"return true;\"><span class=\"uagb-inline-editing\">Agendar DEMO<\/span><svg xmlns=\"https:\/\/www.w3.org\/2000\/svg\" viewBox=\"0 0 512 512\"><path d=\"M504.3 273.6l-112.1 104c-6.992 6.484-17.18 8.218-25.94 4.406c-8.758-3.812-14.42-12.45-14.42-21.1L351.9 288H32C14.33 288 .0002 273.7 .0002 255.1S14.33 224 32 224h319.9l0-72c0-9.547 5.66-18.19 14.42-22c8.754-3.809 18.95-2.075 25.94 4.41l112.1 104C514.6 247.9 514.6 264.1 504.3 273.6z\"><\/path><\/svg><\/a><\/div><\/div><\/div>\n<\/div>\n<\/div>\n<\/div><\/div>\n\n\n\n<div class=\"wp-block-uagb-container uagb-block-2ef84bc9 alignfull uagb-is-root-container\"><div class=\"uagb-container-inner-blocks-wrap\">\n<div class=\"wp-block-uagb-container uagb-block-4d2b2c06\">\n<div class=\"wp-block-uagb-advanced-heading uagb-block-c79ad8bf\"><h2 class=\"uagb-heading-text\">D\u00e9janos tu consulta<\/h2><\/div>\n\n\n\n<div class=\"wp-block-uagb-forms uagb-forms__outer-wrap uagb-block-81cde96c uagb-forms__medium-btn\"><form class=\"uagb-forms-main-form\" method=\"post\" autocomplete=\"on\" name=\"uagb-form-81cde96c\">\n<div class=\"wp-block-uagb-forms-name uagb-forms-name-wrap uagb-forms-field-set uagb-block-4e9ac34f\"><div class=\"uagb-forms-name-label required uagb-forms-input-label\" id=\"4e9ac34f\"> Nombre<\/div><input type=\"text\" placeholder=\"\" required class=\"uagb-forms-name-input uagb-forms-input\" name=\"4e9ac34f\" autocomplete=\"given-name\"\/><\/div>\n\n\n\n<div class=\"wp-block-uagb-forms-email uagb-forms-email-wrap uagb-forms-field-set uagb-block-f6b0d861\"><div class=\"uagb-forms-email-label required uagb-forms-input-label\" id=\"f6b0d861\">Email<\/div><input type=\"email\" class=\"uagb-forms-email-input uagb-forms-input\" placeholder=\"\" required name=\"f6b0d861\" autocomplete=\"email\"\/><\/div>\n\n\n\n<div class=\"wp-block-uagb-forms-name uagb-forms-name-wrap uagb-forms-field-set uagb-block-064fb921\"><div class=\"uagb-forms-name-label required uagb-forms-input-label\" id=\"064fb921\">Asunto<\/div><input type=\"text\" placeholder=\"\" required class=\"uagb-forms-name-input uagb-forms-input\" name=\"064fb921\" autocomplete=\"family-name\"\/><\/div>\n\n\n\n<div class=\"wp-block-uagb-forms-textarea uagb-forms-textarea-wrap uagb-forms-field-set uagb-block-e59be234\"><div class=\"uagb-forms-textarea-label required uagb-forms-input-label\" id=\"e59be234\">Escribe tu mensaje<\/div><textarea required class=\"uagb-forms-textarea-input uagb-forms-input\" rows=\"4\" placeholder=\"\" name=\"e59be234\" autocomplete=\"off\"><\/textarea><\/div>\n<div class=\"uagb-forms-form-hidden-data\"><input type=\"hidden\" class=\"uagb_forms_form_label\" value=\"Spectra Form\"\/><input type=\"hidden\" class=\"uagb_forms_form_id\" value=\"uagb-form-81cde96c\"\/><\/div><div class=\"uagb-form-reacaptcha-error-81cde96c\"><\/div><div class=\"uagb-forms-main-submit-button-wrap wp-block-button\"><button class=\"uagb-forms-main-submit-button wp-block-button__link\"><div class=\"uagb-forms-main-submit-button-text\">Enviar<\/div><\/button><\/div><\/form><div class=\"uagb-forms-success-message-81cde96c uagb-forms-submit-message-hide\"><span>The form has been submitted successfully!<\/span><\/div><div class=\"uagb-forms-failed-message-81cde96c uagb-forms-submit-message-hide\"><span>There has been some error while submitting the form. Please verify all form fields again.<\/span><\/div><\/div>\n<\/div>\n\n\n\n<div class=\"wp-block-uagb-container uagb-block-efcea110\">\n<div class=\"wp-block-uagb-info-box uagb-block-885f6827 uagb-infobox__content-wrap  uagb-infobox-icon-above-title uagb-infobox-image-valign-top\"><div class=\"uagb-ifb-content\"><div class=\"uagb-ifb-icon-wrap\"><svg xmlns=\"https:\/\/www.w3.org\/2000\/svg\" viewBox=\"0 0 512 512\"><path d=\"M464 64C490.5 64 512 85.49 512 112C512 127.1 504.9 141.3 492.8 150.4L275.2 313.6C263.8 322.1 248.2 322.1 236.8 313.6L19.2 150.4C7.113 141.3 0 127.1 0 112C0 85.49 21.49 64 48 64H464zM217.6 339.2C240.4 356.3 271.6 356.3 294.4 339.2L512 176V384C512 419.3 483.3 448 448 448H64C28.65 448 0 419.3 0 384V176L217.6 339.2z\"><\/path><\/svg><\/div><div class=\"uagb-ifb-title-wrap\"><h5 class=\"uagb-ifb-title\">Necesitas ayuda?<\/h5><\/div><p class=\"uagb-ifb-desc\">Nuestro equipo puede brindarte asesoramiento en tiempo real<\/p><div class=\"uagb-ifb-button-wrapper wp-block-button\"><a href=\"https:\/\/api.whatsapp.com\/send?phone=+5491131681760&amp;text=Hola%20quiero%20conversar%20acerca%20de%20Digital%20Metrics...\" class=\"uagb-infobox-cta-link wp-block-button__link\" target=\"_self\" rel=\"noopener noreferrer\" onclick=\"return true;\"><span class=\"uagb-inline-editing\">Escr\u00edbenos por Whatsapp<\/span><svg xmlns=\"https:\/\/www.w3.org\/2000\/svg\" viewBox=\"0 0 512 512\"><path d=\"M504.3 273.6l-112.1 104c-6.992 6.484-17.18 8.218-25.94 4.406c-8.758-3.812-14.42-12.45-14.42-21.1L351.9 288H32C14.33 288 .0002 273.7 .0002 255.1S14.33 224 32 224h319.9l0-72c0-9.547 5.66-18.19 14.42-22c8.754-3.809 18.95-2.075 25.94 4.41l112.1 104C514.6 247.9 514.6 264.1 504.3 273.6z\"><\/path><\/svg><\/a><\/div><\/div><\/div>\n\n\n\n<div class=\"wp-block-uagb-separator uagb-block-1834505f\"><div class=\"uagb-separator-spacing-wrapper\"><div class=\"wp-block-uagb-separator__inner\" style=\"--my-background-image:\"><\/div><\/div><\/div>\n\n\n\n<div class=\"wp-block-uagb-info-box uagb-block-2adaeaae uagb-infobox__content-wrap  uagb-infobox-icon-above-title uagb-infobox-image-valign-top\"><div class=\"uagb-ifb-content\"><div class=\"uagb-ifb-icon-wrap\"><svg xmlns=\"https:\/\/www.w3.org\/2000\/svg\" viewBox=\"0 0 512 512\"><path d=\"M0 190.9V185.1C0 115.2 50.52 55.58 119.4 44.1C164.1 36.51 211.4 51.37 244 84.02L256 96L267.1 84.02C300.6 51.37 347 36.51 392.6 44.1C461.5 55.58 512 115.2 512 185.1V190.9C512 232.4 494.8 272.1 464.4 300.4L283.7 469.1C276.2 476.1 266.3 480 256 480C245.7 480 235.8 476.1 228.3 469.1L47.59 300.4C17.23 272.1 .0003 232.4 .0003 190.9L0 190.9z\"><\/path><\/svg><\/div><div class=\"uagb-ifb-title-wrap\"><h5 class=\"uagb-ifb-title\">S\u00edguenos en nuestras RRSS<\/h5><\/div><p class=\"uagb-ifb-desc\">Conoce nuestras redes sociales y sigue las novedades.<\/p><div class=\"uagb-ifb-button-wrapper wp-block-button\"><a href=\"https:\/\/l.instagram.com\/?u=http%3A%2F%2Fwww.biolink.info%2Fdigital-metrics%3Ffbclid%3DPAZXh0bgNhZW0CMTEAAacc0soUFFJ0hA-ldgWGAULx0Lr7RKqNPRJ8V9PxXscJD8u-zoa_hRK7GGDm6A_aem_-QaUaezirxMRbGGesm6DHg&amp;e=AT0aDAfrE90VcebZNzfMkYp7DaHZHCBLV-sYZ_wzzt85SoJvuEAkLdugzXZ_srOouMgoei3VP5qChapk8WWBFphOL7boZxbHiQpER3HhTaBr8cW49XAGLZ4-tA\" class=\"uagb-infobox-cta-link wp-block-button__link\" target=\"_self\" rel=\"noopener noreferrer\" onclick=\"return true;\"><span class=\"uagb-inline-editing\">Ver RRSS<\/span><svg xmlns=\"https:\/\/www.w3.org\/2000\/svg\" viewBox=\"0 0 512 512\"><path d=\"M504.3 273.6l-112.1 104c-6.992 6.484-17.18 8.218-25.94 4.406c-8.758-3.812-14.42-12.45-14.42-21.1L351.9 288H32C14.33 288 .0002 273.7 .0002 255.1S14.33 224 32 224h319.9l0-72c0-9.547 5.66-18.19 14.42-22c8.754-3.809 18.95-2.075 25.94 4.41l112.1 104C514.6 247.9 514.6 264.1 504.3 273.6z\"><\/path><\/svg><\/a><\/div><\/div><\/div>\n<\/div>\n<\/div><\/div>\n\n\n\n<div class=\"wp-block-uagb-container uagb-block-a8cc9602 alignfull uagb-is-root-container\"><div class=\"uagb-container-inner-blocks-wrap\">\n<div class=\"wp-block-uagb-advanced-heading uagb-block-101ca4fe\"><h2 class=\"uagb-heading-text\">Preguntas Frecuentes<\/h2><\/div>\n\n\n\n<div class=\"wp-block-uagb-container uagb-block-9ee9cad4\">\n<div class=\"wp-block-uagb-container uagb-block-96c056b6\">\n<div class=\"wp-block-uagb-advanced-heading uagb-block-3e531fa4\"><h4 class=\"uagb-heading-text\">\u00bfQu\u00e9 es Digital Metrics?<\/h4><p class=\"uagb-desc-text\">Es una plataforma 100% online que centraliza m\u00e9tricas de campa\u00f1as publicitarias y resultados comerciales en un solo lugar, sin integraciones complejas ni conocimientos t\u00e9cnicos.<\/p><div class=\"uagb-separator\"><\/div><\/div>\n\n\n\n<div class=\"wp-block-uagb-advanced-heading uagb-block-eb9b9991\"><h4 class=\"uagb-heading-text\">\u00bfNecesita instalaci\u00f3n?<\/h4><p class=\"uagb-desc-text\">No. Es una aplicaci\u00f3n SaaS totalmente en la nube, accesible desde cualquier navegador.<\/p><div class=\"uagb-separator\"><\/div><\/div>\n\n\n\n<div class=\"wp-block-uagb-advanced-heading uagb-block-e0b058c6\"><h4 class=\"uagb-heading-text\">\u00bfQu\u00e9 diferencia a Digital Metrics de otras herramientas?<\/h4><p class=\"uagb-desc-text\">Se integra en solo 3 clics, combina un <strong>dashboard de marketing<\/strong> con un <strong>CRM integrado a WhatsApp<\/strong>, y muestra m\u00e9tricas publicitarias y comerciales en tiempo real.<\/p><\/div>\n<\/div>\n\n\n\n<div class=\"wp-block-uagb-container uagb-block-0fe778f1\">\n<div class=\"wp-block-uagb-advanced-heading uagb-block-0c5cb83f\"><h4 class=\"uagb-heading-text\">\u00bfQui\u00e9nes pueden usarla?<\/h4><p class=\"uagb-desc-text\">Est\u00e1 pensada para <strong>agencias de marketing, empresas con equipos comerciales y freelancers<\/strong> que gestionan leads y campa\u00f1as digitales.<\/p><div class=\"uagb-separator\"><\/div><\/div>\n\n\n\n<div class=\"wp-block-uagb-advanced-heading uagb-block-86617094\"><h4 class=\"uagb-heading-text\">\u00bfCon qu\u00e9 plataformas se integra?<\/h4><p class=\"uagb-desc-text\">Actualmente con <strong>Meta Ads<\/strong> (campa\u00f1as de formularios y mensajes por WhatsApp).<\/p><div class=\"uagb-separator\"><\/div><\/div>\n\n\n\n<div class=\"wp-block-uagb-advanced-heading uagb-block-e7c4c4d4\"><h4 class=\"uagb-heading-text\">\u00bfQu\u00e9 informaci\u00f3n muestra el Dashboard?<\/h4><p class=\"uagb-desc-text\">M\u00e9tricas de campa\u00f1as (CPL, CTR, CPM, gasto, leads) y resultados comerciales (ventas, conversiones, ROI, score de leads).<\/p><\/div>\n<\/div>\n<\/div>\n<\/div><\/div>\n","protected":false},"excerpt":{"rendered":"<p>D\u00e9janos tu consulta Preguntas Frecuentes \u00bfQu\u00e9 es Digital Metrics? Es una plataforma 100% online que centraliza m\u00e9tricas de campa\u00f1as publicitarias y resultados comerciales en un solo lugar, sin integraciones complejas ni conocimientos t\u00e9cnicos. \u00bfNecesita instalaci\u00f3n? No. Es una aplicaci\u00f3n SaaS totalmente en la nube, accesible desde cualquier navegador. \u00bfQu\u00e9 diferencia a Digital Metrics de otras &#8230; <a title=\"Contacto\" class=\"read-more\" href=\"https:\/\/digital-metrics.io\/es_es\/contacto\/\" aria-label=\"Leer m\u00e1s sobre Contacto\">Leer m\u00e1s<\/a><\/p>\n","protected":false},"author":1,"featured_media":0,"parent":0,"menu_order":0,"comment_status":"closed","ping_status":"closed","template":"","meta":{"_uag_custom_page_level_css":"","footnotes":""},"class_list":["post-2039","page","type-page","status-publish"],"yoast_head":"<!-- This site is optimized with the Yoast SEO plugin v26.0 - https:\/\/yoast.com\/wordpress\/plugins\/seo\/ -->\n<title>Contacto - Digital Metrics<\/title>\n<meta name=\"robots\" content=\"index, follow, max-snippet:-1, max-image-preview:large, max-video-preview:-1\" \/>\n<link rel=\"canonical\" href=\"https:\/\/digital-metrics.io\/es_es\/contacto\/\" \/>\n<meta property=\"og:locale\" content=\"es_ES\" \/>\n<meta property=\"og:type\" content=\"article\" \/>\n<meta property=\"og:title\" content=\"Contacto - Digital Metrics\" \/>\n<meta property=\"og:description\" content=\"D\u00e9janos tu consulta Preguntas Frecuentes \u00bfQu\u00e9 es Digital Metrics? Es una plataforma 100% online que centraliza m\u00e9tricas de campa\u00f1as publicitarias y resultados comerciales en un solo lugar, sin integraciones complejas ni conocimientos t\u00e9cnicos. \u00bfNecesita instalaci\u00f3n? No. Es una aplicaci\u00f3n SaaS totalmente en la nube, accesible desde cualquier navegador. \u00bfQu\u00e9 diferencia a Digital Metrics de otras ... Leer m\u00e1s\" \/>\n<meta property=\"og:url\" content=\"https:\/\/digital-metrics.io\/es_es\/contacto\/\" \/>\n<meta property=\"og:site_name\" content=\"Digital Metrics\" \/>\n<meta property=\"article:publisher\" content=\"https:\/\/www.facebook.com\/digitalmetrics.oficial\" \/>\n<meta property=\"article:modified_time\" content=\"2025-10-07T19:15:59+00:00\" \/>\n<meta property=\"og:image\" content=\"https:\/\/digital-metrics.io\/wp-content\/uploads\/2023\/05\/Digital-Metrics_logos_FINALES_fondo-transparente-03.png\" \/>\n\t<meta property=\"og:image:width\" content=\"1042\" \/>\n\t<meta property=\"og:image:height\" content=\"1042\" \/>\n\t<meta property=\"og:image:type\" content=\"image\/png\" \/>\n<meta name=\"twitter:card\" content=\"summary_large_image\" \/>\n<meta name=\"twitter:label1\" content=\"Tiempo de lectura\" \/>\n\t<meta name=\"twitter:data1\" content=\"2 minutos\" \/>\n<script type=\"application\/ld+json\" class=\"yoast-schema-graph\">{\"@context\":\"https:\/\/schema.org\",\"@graph\":[{\"@type\":\"WebPage\",\"@id\":\"https:\/\/digital-metrics.io\/contacto\/\",\"url\":\"https:\/\/digital-metrics.io\/contacto\/\",\"name\":\"Contacto - Digital Metrics\",\"isPartOf\":{\"@id\":\"https:\/\/digital-metrics.io\/#website\"},\"datePublished\":\"2025-08-27T12:49:50+00:00\",\"dateModified\":\"2025-10-07T19:15:59+00:00\",\"breadcrumb\":{\"@id\":\"https:\/\/digital-metrics.io\/contacto\/#breadcrumb\"},\"inLanguage\":\"es\",\"potentialAction\":[{\"@type\":\"ReadAction\",\"target\":[\"https:\/\/digital-metrics.io\/contacto\/\"]}]},{\"@type\":\"BreadcrumbList\",\"@id\":\"https:\/\/digital-metrics.io\/contacto\/#breadcrumb\",\"itemListElement\":[{\"@type\":\"ListItem\",\"position\":1,\"name\":\"Portada\",\"item\":\"https:\/\/digital-metrics.io\/\"},{\"@type\":\"ListItem\",\"position\":2,\"name\":\"Contacto\"}]},{\"@type\":\"WebSite\",\"@id\":\"https:\/\/digital-metrics.io\/#website\",\"url\":\"https:\/\/digital-metrics.io\/\",\"name\":\"Digital Metrics\",\"description\":\"An\u00e1lisis de datos para equipos de marketing y ventas\",\"publisher\":{\"@id\":\"https:\/\/digital-metrics.io\/#organization\"},\"alternateName\":\"Dashboard de Marketing - Reportes autom\u00e1ticos - CRM\",\"potentialAction\":[{\"@type\":\"SearchAction\",\"target\":{\"@type\":\"EntryPoint\",\"urlTemplate\":\"https:\/\/digital-metrics.io\/?s={search_term_string}\"},\"query-input\":{\"@type\":\"PropertyValueSpecification\",\"valueRequired\":true,\"valueName\":\"search_term_string\"}}],\"inLanguage\":\"es\"},{\"@type\":\"Organization\",\"@id\":\"https:\/\/digital-metrics.io\/#organization\",\"name\":\"Digital Metrics\",\"url\":\"https:\/\/digital-metrics.io\/\",\"logo\":{\"@type\":\"ImageObject\",\"inLanguage\":\"es\",\"@id\":\"https:\/\/digital-metrics.io\/#\/schema\/logo\/image\/\",\"url\":\"https:\/\/digital-metrics.io\/wp-content\/uploads\/2023\/05\/Digital-Metrics_logos_FINALES_fondo-transparente-02.png\",\"contentUrl\":\"https:\/\/digital-metrics.io\/wp-content\/uploads\/2023\/05\/Digital-Metrics_logos_FINALES_fondo-transparente-02.png\",\"width\":1839,\"height\":938,\"caption\":\"Digital Metrics\"},\"image\":{\"@id\":\"https:\/\/digital-metrics.io\/#\/schema\/logo\/image\/\"},\"sameAs\":[\"https:\/\/www.facebook.com\/digitalmetrics.oficial\",\"https:\/\/www.linkedin.com\/company\/105697961\/\",\"https:\/\/www.instagram.com\/digitalmetrics.oficial\/\"]}]}<\/script>\n<!-- \/ Yoast SEO plugin. -->","yoast_head_json":{"title":"Contacto - Digital Metrics","robots":{"index":"index","follow":"follow","max-snippet":"max-snippet:-1","max-image-preview":"max-image-preview:large","max-video-preview":"max-video-preview:-1"},"canonical":"https:\/\/digital-metrics.io\/es_es\/contacto\/","og_locale":"es_ES","og_type":"article","og_title":"Contacto - Digital Metrics","og_description":"D\u00e9janos tu consulta Preguntas Frecuentes \u00bfQu\u00e9 es Digital Metrics? Es una plataforma 100% online que centraliza m\u00e9tricas de campa\u00f1as publicitarias y resultados comerciales en un solo lugar, sin integraciones complejas ni conocimientos t\u00e9cnicos. \u00bfNecesita instalaci\u00f3n? No. Es una aplicaci\u00f3n SaaS totalmente en la nube, accesible desde cualquier navegador. \u00bfQu\u00e9 diferencia a Digital Metrics de otras ... Leer m\u00e1s","og_url":"https:\/\/digital-metrics.io\/es_es\/contacto\/","og_site_name":"Digital Metrics","article_publisher":"https:\/\/www.facebook.com\/digitalmetrics.oficial","article_modified_time":"2025-10-07T19:15:59+00:00","og_image":[{"width":1042,"height":1042,"url":"https:\/\/digital-metrics.io\/wp-content\/uploads\/2023\/05\/Digital-Metrics_logos_FINALES_fondo-transparente-03.png","type":"image\/png"}],"twitter_card":"summary_large_image","twitter_misc":{"Tiempo de lectura":"2 minutos"},"schema":{"@context":"https:\/\/schema.org","@graph":[{"@type":"WebPage","@id":"https:\/\/digital-metrics.io\/contacto\/","url":"https:\/\/digital-metrics.io\/contacto\/","name":"Contacto - Digital Metrics","isPartOf":{"@id":"https:\/\/digital-metrics.io\/#website"},"datePublished":"2025-08-27T12:49:50+00:00","dateModified":"2025-10-07T19:15:59+00:00","breadcrumb":{"@id":"https:\/\/digital-metrics.io\/contacto\/#breadcrumb"},"inLanguage":"es","potentialAction":[{"@type":"ReadAction","target":["https:\/\/digital-metrics.io\/contacto\/"]}]},{"@type":"BreadcrumbList","@id":"https:\/\/digital-metrics.io\/contacto\/#breadcrumb","itemListElement":[{"@type":"ListItem","position":1,"name":"Portada","item":"https:\/\/digital-metrics.io\/"},{"@type":"ListItem","position":2,"name":"Contacto"}]},{"@type":"WebSite","@id":"https:\/\/digital-metrics.io\/#website","url":"https:\/\/digital-metrics.io\/","name":"Digital Metrics","description":"An\u00e1lisis de datos para equipos de marketing y ventas","publisher":{"@id":"https:\/\/digital-metrics.io\/#organization"},"alternateName":"Dashboard de Marketing - Reportes autom\u00e1ticos - CRM","potentialAction":[{"@type":"SearchAction","target":{"@type":"EntryPoint","urlTemplate":"https:\/\/digital-metrics.io\/?s={search_term_string}"},"query-input":{"@type":"PropertyValueSpecification","valueRequired":true,"valueName":"search_term_string"}}],"inLanguage":"es"},{"@type":"Organization","@id":"https:\/\/digital-metrics.io\/#organization","name":"Digital Metrics","url":"https:\/\/digital-metrics.io\/","logo":{"@type":"ImageObject","inLanguage":"es","@id":"https:\/\/digital-metrics.io\/#\/schema\/logo\/image\/","url":"https:\/\/digital-metrics.io\/wp-content\/uploads\/2023\/05\/Digital-Metrics_logos_FINALES_fondo-transparente-02.png","contentUrl":"https:\/\/digital-metrics.io\/wp-content\/uploads\/2023\/05\/Digital-Metrics_logos_FINALES_fondo-transparente-02.png","width":1839,"height":938,"caption":"Digital Metrics"},"image":{"@id":"https:\/\/digital-metrics.io\/#\/schema\/logo\/image\/"},"sameAs":["https:\/\/www.facebook.com\/digitalmetrics.oficial","https:\/\/www.linkedin.com\/company\/105697961\/","https:\/\/www.instagram.com\/digitalmetrics.oficial\/"]}]}},"uagb_featured_image_src":{"full":false,"thumbnail":false,"medium":false,"medium_large":false,"large":false,"1536x1536":false,"2048x2048":false,"trp-custom-language-flag":false},"uagb_author_info":{"display_name":"Digital Metrics","author_link":"https:\/\/digital-metrics.io\/es_es\/author\/fleonardelli\/"},"uagb_comment_info":0,"uagb_excerpt":"D\u00e9janos tu consulta Preguntas Frecuentes \u00bfQu\u00e9 es Digital Metrics? Es una plataforma 100% online que centraliza m\u00e9tricas de campa\u00f1as publicitarias y resultados comerciales en un solo lugar, sin integraciones complejas ni conocimientos t\u00e9cnicos. \u00bfNecesita instalaci\u00f3n? No. Es una aplicaci\u00f3n SaaS totalmente en la nube, accesible desde cualquier navegador. \u00bfQu\u00e9 diferencia a Digital Metrics de otras&hellip;","_links":{"self":[{"href":"https:\/\/digital-metrics.io\/es_es\/wp-json\/wp\/v2\/pages\/2039","targetHints":{"allow":["GET"]}}],"collection":[{"href":"https:\/\/digital-metrics.io\/es_es\/wp-json\/wp\/v2\/pages"}],"about":[{"href":"https:\/\/digital-metrics.io\/es_es\/wp-json\/wp\/v2\/types\/page"}],"author":[{"embeddable":true,"href":"https:\/\/digital-metrics.io\/es_es\/wp-json\/wp\/v2\/users\/1"}],"replies":[{"embeddable":true,"href":"https:\/\/digital-metrics.io\/es_es\/wp-json\/wp\/v2\/comments?post=2039"}],"version-history":[{"count":6,"href":"https:\/\/digital-metrics.io\/es_es\/wp-json\/wp\/v2\/pages\/2039\/revisions"}],"predecessor-version":[{"id":2363,"href":"https:\/\/digital-metrics.io\/es_es\/wp-json\/wp\/v2\/pages\/2039\/revisions\/2363"}],"wp:attachment":[{"href":"https:\/\/digital-metrics.io\/es_es\/wp-json\/wp\/v2\/media?parent=2039"}],"curies":[{"name":"wp","href":"https:\/\/api.w.org\/{rel}","templated":true}]}}